{"id":5082,"date":"2021-03-23T12:21:27","date_gmt":"2021-03-23T12:21:27","guid":{"rendered":"https:\/\/rosaferreiro.com\/blog\/"},"modified":"2023-06-29T11:27:01","modified_gmt":"2023-06-29T11:27:01","slug":"blog","status":"publish","type":"page","link":"https:\/\/rosaferreiro.com\/es\/blog\/","title":{"rendered":"Blog"},"content":{"rendered":"\t\t<div data-elementor-type=\"wp-page\" data-elementor-id=\"5082\" class=\"elementor elementor-5082 elementor-4021\">\n\t\t\t\t\t\t\t\t\t<section class=\"elementor-section elementor-top-section elementor-element elementor-element-572aba0 elementor-section-content-bottom elementor-section-boxed elementor-section-height-default elementor-section-height-default\" data-id=\"572aba0\" data-element_type=\"section\" data-settings=\"{&quot;background_background&quot;:&quot;classic&quot;}\">\n\t\t\t\t\t\t\t<div class=\"elementor-background-overlay\"><\/div>\n\t\t\t\t\t\t\t<div class=\"elementor-container elementor-column-gap-default\">\n\t\t\t\t\t<div class=\"elementor-column elementor-col-50 elementor-top-column elementor-element elementor-element-fc20ef7\" data-id=\"fc20ef7\" data-element_type=\"column\">\n\t\t\t<div class=\"elementor-widget-wrap elementor-element-populated\">\n\t\t\t\t\t\t\t\t<div class=\"elementor-element elementor-element-9e37738 elementor-widget elementor-widget-heading\" data-id=\"9e37738\" data-element_type=\"widget\" data-widget_type=\"heading.default\">\n\t\t\t\t<div class=\"elementor-widget-container\">\n\t\t\t<style>\/*! elementor - v3.14.0 - 26-06-2023 *\/\n.elementor-heading-title{padding:0;margin:0;line-height:1}.elementor-widget-heading .elementor-heading-title[class*=elementor-size-]>a{color:inherit;font-size:inherit;line-height:inherit}.elementor-widget-heading .elementor-heading-title.elementor-size-small{font-size:15px}.elementor-widget-heading .elementor-heading-title.elementor-size-medium{font-size:19px}.elementor-widget-heading .elementor-heading-title.elementor-size-large{font-size:29px}.elementor-widget-heading .elementor-heading-title.elementor-size-xl{font-size:39px}.elementor-widget-heading .elementor-heading-title.elementor-size-xxl{font-size:59px}<\/style><h1 class=\"elementor-heading-title elementor-size-default\">Blog<\/h1>\t\t<\/div>\n\t\t\t\t<\/div>\n\t\t\t\t<div class=\"elementor-element elementor-element-2accf78 elementor-invisible elementor-widget elementor-widget-neuron-breadcrumbs\" data-id=\"2accf78\" data-element_type=\"widget\" data-settings=\"{&quot;_animation&quot;:&quot;h-neuron-animation--slideFromRight&quot;}\" data-widget_type=\"neuron-breadcrumbs.default\">\n\t\t\t\t<div class=\"elementor-widget-container\">\n\t\t\t\r\n\t\t\t<div class=\"m-neuron-breadcrumbs\" aria-label=\"You are here:\">\r\n\t\t\t\t<span class=\"m-neuron-breadcrumbs__item\"><a href=\"https:\/\/neuronthemes.com\/kaon\/lawyer\/\">Home<\/a><\/span> <span class=\"m-neuron-breadcrumbs__separator\"> <i class=\"n-icon n-icon-arrow\"><\/i><\/span> <span class=\"m-neuron-breadcrumbs__item\" aria-current=\"page\">Blog<\/span>\t\t\t<\/div>\r\n\r\n\t\t   \t\t<\/div>\n\t\t\t\t<\/div>\n\t\t\t\t\t<\/div>\n\t\t<\/div>\n\t\t\t\t<div class=\"elementor-column elementor-col-50 elementor-top-column elementor-element elementor-element-5100c63\" data-id=\"5100c63\" data-element_type=\"column\">\n\t\t\t<div class=\"elementor-widget-wrap\">\n\t\t\t\t\t\t\t\t\t<\/div>\n\t\t<\/div>\n\t\t\t\t\t\t\t<\/div>\n\t\t<\/section>\n\t\t\t\t<section class=\"elementor-section elementor-top-section elementor-element elementor-element-c5f10a9 elementor-section-boxed elementor-section-height-default elementor-section-height-default\" data-id=\"c5f10a9\" data-element_type=\"section\">\n\t\t\t\t\t\t<div class=\"elementor-container elementor-column-gap-default\">\n\t\t\t\t\t<div class=\"elementor-column elementor-col-100 elementor-top-column elementor-element elementor-element-b840084\" data-id=\"b840084\" data-element_type=\"column\">\n\t\t\t<div class=\"elementor-widget-wrap elementor-element-populated\">\n\t\t\t\t\t\t\t\t<div class=\"elementor-element elementor-element-4568487 m-neuron-posts--thumbnail-none l-neuron-grid-wrapper--columns__3 l-neuron-grid-wrapper-tablet--columns__2 l-neuron-grid-wrapper-mobile--columns__1 m-neuron-post__read-more--icon-after elementor-invisible elementor-widget elementor-widget-neuron-posts\" data-id=\"4568487\" data-element_type=\"widget\" data-settings=\"{&quot;row_gap&quot;:{&quot;unit&quot;:&quot;px&quot;,&quot;size&quot;:&quot;40&quot;,&quot;sizes&quot;:[]},&quot;row_gap_mobile&quot;:{&quot;unit&quot;:&quot;px&quot;,&quot;size&quot;:&quot;30&quot;,&quot;sizes&quot;:[]},&quot;animation_delay&quot;:&quot;100&quot;,&quot;animation_delay_reset&quot;:&quot;300&quot;,&quot;columns&quot;:&quot;3&quot;,&quot;columns_tablet&quot;:&quot;2&quot;,&quot;columns_mobile&quot;:&quot;1&quot;,&quot;carousel&quot;:&quot;no&quot;,&quot;pagination&quot;:&quot;none&quot;,&quot;row_gap_tablet&quot;:{&quot;unit&quot;:&quot;px&quot;,&quot;size&quot;:&quot;&quot;,&quot;sizes&quot;:[]},&quot;animation&quot;:&quot;yes&quot;,&quot;neuron_animations&quot;:&quot;h-neuron-animation--slideUp&quot;,&quot;neuron_animations_duration&quot;:&quot;animated&quot;}\" data-widget_type=\"neuron-posts.default\">\n\t\t\t\t<div class=\"elementor-widget-container\">\n\t\t\t\t\t\t\t\t\t<div class=\"l-neuron-grid\" data-masonry-id=\"ae0126ccc4af5f0d840eda5220887e1f\">\r\n\t\t\t\t\t\t\t\t\t\t\t\t<article class=\"l-neuron-grid__item h-neuron-animation--wow m-neuron-post post-4707 post type-post status-publish format-standard hentry category-unkategorisiert\" data-id=\"4707\">\r\n\t\t\t\t\t\t\t\t<div class=\"m-neuron-post__inner m-neuron-post__inner--classic\">\r\n        \r\n        <span class=\"m-neuron-post__meta-data\"> <span>enero 14, 2022<\/span> <\/span><h3 class=\"m-neuron-post__title\"><a href=\"https:\/\/rosaferreiro.com\/es\/las-ventajas-de-sellar-una-traduccion-por-partida-doble\/\">Las ventajas de sellar una traducci\u00f3n por partida doble<\/a><\/h3><div class=\"m-neuron-post__excerpt\">A menudo me preguntan mis clientes si mis traducciones juradas hechas en Alemania tambi\u00e9n son v\u00e1lidas en Espa\u00f1a. Algunos me cuentan que las autoridades<\/div><div class=\"m-neuron-post__read-more\"><a href=\"https:\/\/rosaferreiro.com\/es\/las-ventajas-de-sellar-una-traduccion-por-partida-doble\/\"><span>Read More<\/span><span class=\"m-neuron-post__read-more--icon\"><i class=\"n-icon n-icon-arrow\"><\/i><\/span><\/a><\/div>        \r\n    <\/div>\t\t\t\t\t\t\t<\/article>\r\n\t\t\t\t\t\t\t\t\t\t\t<\/div>\r\n\t\t\t\r\n\t\t\t\t<\/div>\n\t\t\t\t<\/div>\n\t\t\t\t\t<\/div>\n\t\t<\/div>\n\t\t\t\t\t\t\t<\/div>\n\t\t<\/section>\n\t\t\t\t\t\t\t<\/div>\n\t\t","protected":false},"excerpt":{"rendered":"<p>Blog Home Blog December 6, 2021 Doppelt h\u00e4lt besser: Warum eine zweifache Beeidigung von Vorteil ist Immer wieder fragen mich meine Kunden, ob meine bescheinigten \u00dcbersetzungen auch in Spanien g\u00fcltig sind. Einige von ihnen h\u00e4tten mit anderen \u00dcbersetzern schlechte ErfahrungenRead More December 2, 2021 Die spanische Kabine Herzlich willkommen in der spanischen Kabine, deinem neuen&#8230;<\/p>\n","protected":false},"author":1,"featured_media":0,"parent":0,"menu_order":0,"comment_status":"closed","ping_status":"closed","template":"","meta":[],"yoast_head":"<!-- This site is optimized with the Yoast SEO plugin v20.10 - https:\/\/yoast.com\/wordpress\/plugins\/seo\/ -->\n<title>Blog - Rosa Ferreiro<\/title>\n<meta name=\"robots\" content=\"index, follow, max-snippet:-1, max-image-preview:large, max-video-preview:-1\" \/>\n<link rel=\"canonical\" href=\"https:\/\/rosaferreiro.com\/es\/blog\/\" \/>\n<meta property=\"og:locale\" content=\"es_ES\" \/>\n<meta property=\"og:type\" content=\"article\" \/>\n<meta property=\"og:title\" content=\"Blog - Rosa Ferreiro\" \/>\n<meta property=\"og:description\" content=\"Blog Home Blog December 6, 2021 Doppelt h\u00e4lt besser: Warum eine zweifache Beeidigung von Vorteil ist Immer wieder fragen mich meine Kunden, ob meine bescheinigten \u00dcbersetzungen auch in Spanien g\u00fcltig sind. Einige von ihnen h\u00e4tten mit anderen \u00dcbersetzern schlechte ErfahrungenRead More December 2, 2021 Die spanische Kabine Herzlich willkommen in der spanischen Kabine, deinem neuen...\" \/>\n<meta property=\"og:url\" content=\"https:\/\/rosaferreiro.com\/es\/blog\/\" \/>\n<meta property=\"og:site_name\" content=\"Rosa Ferreiro\" \/>\n<meta property=\"article:modified_time\" content=\"2023-06-29T11:27:01+00:00\" \/>\n<meta name=\"twitter:card\" content=\"summary_large_image\" \/>\n<script type=\"application\/ld+json\" class=\"yoast-schema-graph\">{\"@context\":\"https:\/\/schema.org\",\"@graph\":[{\"@type\":\"WebPage\",\"@id\":\"https:\/\/rosaferreiro.com\/es\/blog\/\",\"url\":\"https:\/\/rosaferreiro.com\/es\/blog\/\",\"name\":\"Blog - Rosa Ferreiro\",\"isPartOf\":{\"@id\":\"https:\/\/rosaferreiro.com\/#website\"},\"datePublished\":\"2021-03-23T12:21:27+00:00\",\"dateModified\":\"2023-06-29T11:27:01+00:00\",\"breadcrumb\":{\"@id\":\"https:\/\/rosaferreiro.com\/es\/blog\/#breadcrumb\"},\"inLanguage\":\"es\",\"potentialAction\":[{\"@type\":\"ReadAction\",\"target\":[\"https:\/\/rosaferreiro.com\/es\/blog\/\"]}]},{\"@type\":\"BreadcrumbList\",\"@id\":\"https:\/\/rosaferreiro.com\/es\/blog\/#breadcrumb\",\"itemListElement\":[{\"@type\":\"ListItem\",\"position\":1,\"name\":\"Home\",\"item\":\"https:\/\/rosaferreiro.com\/\"},{\"@type\":\"ListItem\",\"position\":2,\"name\":\"Blog\"}]},{\"@type\":\"WebSite\",\"@id\":\"https:\/\/rosaferreiro.com\/#website\",\"url\":\"https:\/\/rosaferreiro.com\/\",\"name\":\"Rosa Ferreiro\",\"description\":\"Translator and Interpreter\",\"publisher\":{\"@id\":\"https:\/\/rosaferreiro.com\/#organization\"},\"potentialAction\":[{\"@type\":\"SearchAction\",\"target\":{\"@type\":\"EntryPoint\",\"urlTemplate\":\"https:\/\/rosaferreiro.com\/?s={search_term_string}\"},\"query-input\":\"required name=search_term_string\"}],\"inLanguage\":\"es\"},{\"@type\":\"Organization\",\"@id\":\"https:\/\/rosaferreiro.com\/#organization\",\"name\":\"Rosa Ferreiro\",\"url\":\"https:\/\/rosaferreiro.com\/\",\"logo\":{\"@type\":\"ImageObject\",\"inLanguage\":\"es\",\"@id\":\"https:\/\/rosaferreiro.com\/#\/schema\/logo\/image\/\",\"url\":\"https:\/\/rosaferreiro.com\/wp-content\/uploads\/2021\/11\/rf-logo-en.svg\",\"contentUrl\":\"https:\/\/rosaferreiro.com\/wp-content\/uploads\/2021\/11\/rf-logo-en.svg\",\"width\":123,\"height\":30,\"caption\":\"Rosa Ferreiro\"},\"image\":{\"@id\":\"https:\/\/rosaferreiro.com\/#\/schema\/logo\/image\/\"}}]}<\/script>\n<!-- \/ Yoast SEO plugin. -->","yoast_head_json":{"title":"Blog - Rosa Ferreiro","robots":{"index":"index","follow":"follow","max-snippet":"max-snippet:-1","max-image-preview":"max-image-preview:large","max-video-preview":"max-video-preview:-1"},"canonical":"https:\/\/rosaferreiro.com\/es\/blog\/","og_locale":"es_ES","og_type":"article","og_title":"Blog - Rosa Ferreiro","og_description":"Blog Home Blog December 6, 2021 Doppelt h\u00e4lt besser: Warum eine zweifache Beeidigung von Vorteil ist Immer wieder fragen mich meine Kunden, ob meine bescheinigten \u00dcbersetzungen auch in Spanien g\u00fcltig sind. Einige von ihnen h\u00e4tten mit anderen \u00dcbersetzern schlechte ErfahrungenRead More December 2, 2021 Die spanische Kabine Herzlich willkommen in der spanischen Kabine, deinem neuen...","og_url":"https:\/\/rosaferreiro.com\/es\/blog\/","og_site_name":"Rosa Ferreiro","article_modified_time":"2023-06-29T11:27:01+00:00","twitter_card":"summary_large_image","schema":{"@context":"https:\/\/schema.org","@graph":[{"@type":"WebPage","@id":"https:\/\/rosaferreiro.com\/es\/blog\/","url":"https:\/\/rosaferreiro.com\/es\/blog\/","name":"Blog - Rosa Ferreiro","isPartOf":{"@id":"https:\/\/rosaferreiro.com\/#website"},"datePublished":"2021-03-23T12:21:27+00:00","dateModified":"2023-06-29T11:27:01+00:00","breadcrumb":{"@id":"https:\/\/rosaferreiro.com\/es\/blog\/#breadcrumb"},"inLanguage":"es","potentialAction":[{"@type":"ReadAction","target":["https:\/\/rosaferreiro.com\/es\/blog\/"]}]},{"@type":"BreadcrumbList","@id":"https:\/\/rosaferreiro.com\/es\/blog\/#breadcrumb","itemListElement":[{"@type":"ListItem","position":1,"name":"Home","item":"https:\/\/rosaferreiro.com\/"},{"@type":"ListItem","position":2,"name":"Blog"}]},{"@type":"WebSite","@id":"https:\/\/rosaferreiro.com\/#website","url":"https:\/\/rosaferreiro.com\/","name":"Rosa Ferreiro","description":"Translator and Interpreter","publisher":{"@id":"https:\/\/rosaferreiro.com\/#organization"},"potentialAction":[{"@type":"SearchAction","target":{"@type":"EntryPoint","urlTemplate":"https:\/\/rosaferreiro.com\/?s={search_term_string}"},"query-input":"required name=search_term_string"}],"inLanguage":"es"},{"@type":"Organization","@id":"https:\/\/rosaferreiro.com\/#organization","name":"Rosa Ferreiro","url":"https:\/\/rosaferreiro.com\/","logo":{"@type":"ImageObject","inLanguage":"es","@id":"https:\/\/rosaferreiro.com\/#\/schema\/logo\/image\/","url":"https:\/\/rosaferreiro.com\/wp-content\/uploads\/2021\/11\/rf-logo-en.svg","contentUrl":"https:\/\/rosaferreiro.com\/wp-content\/uploads\/2021\/11\/rf-logo-en.svg","width":123,"height":30,"caption":"Rosa Ferreiro"},"image":{"@id":"https:\/\/rosaferreiro.com\/#\/schema\/logo\/image\/"}}]}},"_links":{"self":[{"href":"https:\/\/rosaferreiro.com\/es\/wp-json\/wp\/v2\/pages\/5082"}],"collection":[{"href":"https:\/\/rosaferreiro.com\/es\/wp-json\/wp\/v2\/pages"}],"about":[{"href":"https:\/\/rosaferreiro.com\/es\/wp-json\/wp\/v2\/types\/page"}],"author":[{"embeddable":true,"href":"https:\/\/rosaferreiro.com\/es\/wp-json\/wp\/v2\/users\/1"}],"replies":[{"embeddable":true,"href":"https:\/\/rosaferreiro.com\/es\/wp-json\/wp\/v2\/comments?post=5082"}],"version-history":[{"count":1,"href":"https:\/\/rosaferreiro.com\/es\/wp-json\/wp\/v2\/pages\/5082\/revisions"}],"predecessor-version":[{"id":5083,"href":"https:\/\/rosaferreiro.com\/es\/wp-json\/wp\/v2\/pages\/5082\/revisions\/5083"}],"wp:attachment":[{"href":"https:\/\/rosaferreiro.com\/es\/wp-json\/wp\/v2\/media?parent=5082"}],"curies":[{"name":"wp","href":"https:\/\/api.w.org\/{rel}","templated":true}]}}