{"id":4124,"date":"2021-11-23T13:37:24","date_gmt":"2021-11-23T13:37:24","guid":{"rendered":"https:\/\/rosaferreiro.com\/?page_id=4124"},"modified":"2021-12-09T14:50:02","modified_gmt":"2021-12-09T14:50:02","slug":"datenschutz","status":"publish","type":"page","link":"https:\/\/rosaferreiro.com\/de\/datenschutz\/","title":{"rendered":"Datenschutz"},"content":{"rendered":"\t\t<div data-elementor-type=\"wp-page\" data-elementor-id=\"4124\" class=\"elementor elementor-4124\">\n\t\t\t\t\t\t\t\t\t<section class=\"elementor-section elementor-top-section elementor-element elementor-element-429cff4 elementor-section-content-bottom elementor-section-boxed elementor-section-height-default elementor-section-height-default\" data-id=\"429cff4\" data-element_type=\"section\" data-settings=\"{&quot;background_background&quot;:&quot;classic&quot;}\">\n\t\t\t\t\t\t\t<div class=\"elementor-background-overlay\"><\/div>\n\t\t\t\t\t\t\t<div class=\"elementor-container elementor-column-gap-default\">\n\t\t\t\t\t<div class=\"elementor-column elementor-col-50 elementor-top-column elementor-element elementor-element-fd0d5b0\" data-id=\"fd0d5b0\" data-element_type=\"column\">\n\t\t\t<div class=\"elementor-widget-wrap elementor-element-populated\">\n\t\t\t\t\t\t\t\t<div class=\"elementor-element elementor-element-4cb3bde elementor-widget elementor-widget-heading\" data-id=\"4cb3bde\" data-element_type=\"widget\" data-widget_type=\"heading.default\">\n\t\t\t\t<div class=\"elementor-widget-container\">\n\t\t\t<style>\/*! elementor - v3.14.0 - 26-06-2023 *\/\n.elementor-heading-title{padding:0;margin:0;line-height:1}.elementor-widget-heading .elementor-heading-title[class*=elementor-size-]>a{color:inherit;font-size:inherit;line-height:inherit}.elementor-widget-heading .elementor-heading-title.elementor-size-small{font-size:15px}.elementor-widget-heading .elementor-heading-title.elementor-size-medium{font-size:19px}.elementor-widget-heading .elementor-heading-title.elementor-size-large{font-size:29px}.elementor-widget-heading .elementor-heading-title.elementor-size-xl{font-size:39px}.elementor-widget-heading .elementor-heading-title.elementor-size-xxl{font-size:59px}<\/style><h1 class=\"elementor-heading-title elementor-size-default\">Datenschutz<\/h1>\t\t<\/div>\n\t\t\t\t<\/div>\n\t\t\t\t<div class=\"elementor-element elementor-element-ff3cb69 elementor-invisible elementor-widget elementor-widget-neuron-breadcrumbs\" data-id=\"ff3cb69\" data-element_type=\"widget\" data-settings=\"{&quot;_animation&quot;:&quot;h-neuron-animation--slideFromRight&quot;}\" data-widget_type=\"neuron-breadcrumbs.default\">\n\t\t\t\t<div class=\"elementor-widget-container\">\n\t\t\t\r\n\t\t\t<div class=\"m-neuron-breadcrumbs\" aria-label=\"You are here:\">\r\n\t\t\t\t<span class=\"m-neuron-breadcrumbs__item\"><a href=\"https:\/\/neuronthemes.com\/kaon\/lawyer\/\">Home<\/a><\/span> <span class=\"m-neuron-breadcrumbs__separator\"> <i class=\"n-icon n-icon-arrow\"><\/i><\/span> <span class=\"m-neuron-breadcrumbs__item\" aria-current=\"page\">Datenschutz<\/span>\t\t\t<\/div>\r\n\r\n\t\t   \t\t<\/div>\n\t\t\t\t<\/div>\n\t\t\t\t\t<\/div>\n\t\t<\/div>\n\t\t\t\t<div class=\"elementor-column elementor-col-50 elementor-top-column elementor-element elementor-element-8aa56a7\" data-id=\"8aa56a7\" data-element_type=\"column\">\n\t\t\t<div class=\"elementor-widget-wrap\">\n\t\t\t\t\t\t\t\t\t<\/div>\n\t\t<\/div>\n\t\t\t\t\t\t\t<\/div>\n\t\t<\/section>\n\t\t\t\t<section class=\"elementor-section elementor-top-section elementor-element elementor-element-44d7720 elementor-section-boxed elementor-section-height-default elementor-section-height-default\" data-id=\"44d7720\" data-element_type=\"section\">\n\t\t\t\t\t\t<div class=\"elementor-container elementor-column-gap-default\">\n\t\t\t\t\t<div class=\"elementor-column elementor-col-100 elementor-top-column elementor-element elementor-element-43391cf\" data-id=\"43391cf\" data-element_type=\"column\">\n\t\t\t<div class=\"elementor-widget-wrap elementor-element-populated\">\n\t\t\t\t\t\t\t\t<div class=\"elementor-element elementor-element-a4858ff elementor-invisible elementor-widget elementor-widget-text-editor\" data-id=\"a4858ff\" data-element_type=\"widget\" data-settings=\"{&quot;_animation&quot;:&quot;h-neuron-animation--slideFromRight&quot;}\" data-widget_type=\"text-editor.default\">\n\t\t\t\t<div class=\"elementor-widget-container\">\n\t\t\t<style>\/*! elementor - v3.14.0 - 26-06-2023 *\/\n.elementor-widget-text-editor.elementor-drop-cap-view-stacked .elementor-drop-cap{background-color:#69727d;color:#fff}.elementor-widget-text-editor.elementor-drop-cap-view-framed .elementor-drop-cap{color:#69727d;border:3px solid;background-color:transparent}.elementor-widget-text-editor:not(.elementor-drop-cap-view-default) .elementor-drop-cap{margin-top:8px}.elementor-widget-text-editor:not(.elementor-drop-cap-view-default) .elementor-drop-cap-letter{width:1em;height:1em}.elementor-widget-text-editor .elementor-drop-cap{float:left;text-align:center;line-height:1;font-size:50px}.elementor-widget-text-editor .elementor-drop-cap-letter{display:inline-block}<\/style>\t\t\t\t<h3>Datenschutzinformation<\/h3><p>Nachfolgend m\u00f6chten wir Sie \u00fcber Verarbeitung personenbezogener und personenbeziehbarer Daten auf unserer Webseite nach Ma\u00dfgabe der DS-GVO, des BDSG und des TMG unterrichten.<\/p><h3>Verantwortlicher f\u00fcr den Datenschutz<\/h3><p>Rosa Ferreiro<\/p><p>\u00dcbersetzerin und Dolmetscherin<\/p><h2>Datenerhebung und Protokollierung<\/h2><p>Die Nutzung dieser Webseite ist in der Regel ohne Angabe personenbezogener Daten m\u00f6glich. Wenn Sie unsere Webseiten aufrufen, \u00fcbermitteln Sie aus technischer Notwendigkeit heraus \u00fcber Ihren Internetbrowser Daten an unseren Webserver. Folgende Daten werden w\u00e4hrend einer laufenden Verbindung zur Kommunikation zwischen Ihrem Internetbrowser und unserem Webserver aufgezeichnet:<\/p><p>Datum und Uhrzeit der Anforderung,<\/p><p>Name der angeforderten Datei,<\/p><p>Seite, von der aus die Datei angefordert wurde,<\/p><p>Zugriffsstatus (Datei \u00fcbertragen, Datei nicht gefunden, etc.),<\/p><p>verwendeter Webbrowser und verwendetes Betriebssystem,<\/p><p>vollst\u00e4ndige IP-Adresse des anfordernden Rechners,<\/p><p>\u00fcbertragene Datenmenge.<\/p><p>Aus Gr\u00fcnden der technischen Sicherheit, insbesondere zur Abwehr von Angriffsversuchen auf unseren Webserver, werden diese Daten von uns kurzzeitig gespeichert. Ein R\u00fcckschluss auf einzelne Personen ist uns anhand dieser Daten nicht m\u00f6glich (kein Personenbezug). Nach sp\u00e4testens sieben Tagen werden die Daten durch Verk\u00fcrzung der IP-Adresse auf Domain-Ebene anonymisiert, so dass es nicht mehr m\u00f6glich ist, einen Bezug zum einzelnen Nutzer herzustellen. Es werden keine IP-Adressen oder Referrer protokolliert.<\/p><h2>Rechte des Nutzers<\/h2><p>Sie haben als Nutzer das Recht, auf Antrag eine kostenlose Auskunft dar\u00fcber zu erhalten, welche personenbezogenen Daten \u00fcber Sie gespeichert wurden. Sie haben au\u00dferdem das Recht auf Berichtigung falscher Daten und auf die Verarbeitungseinschr\u00e4nkung oder L\u00f6schung Ihrer personenbezogenen Daten. Falls zutreffend, k\u00f6nnen Sie auch Ihr Recht auf Datenportabilit\u00e4t geltend machen. Sollten Sie annehmen, dass Ihre Daten unrechtm\u00e4\u00dfig verarbeitet wurden, k\u00f6nnen Sie eine Beschwerde bei der zust\u00e4ndigen Aufsichtsbeh\u00f6rde einreichen.<\/p><h2>L\u00f6schung von Daten<\/h2><p>Sofern Ihr Wunsch nicht mit einer gesetzlichen Pflicht zur Aufbewahrung von Daten (z. B. Vorratsdatenspeicherung) kollidiert, haben Sie ein Anrecht auf L\u00f6schung Ihrer Daten. Von uns gespeicherte Daten werden, sollten sie f\u00fcr ihre Zweckbestimmung nicht mehr vonn\u00f6ten sein und es keine gesetzlichen Aufbewahrungsfristen geben, gel\u00f6scht. Falls eine L\u00f6schung nicht durchgef\u00fchrt werden kann, da die Daten f\u00fcr zul\u00e4ssige gesetzliche Zwecke erforderlich sind, erfolgt eine Einschr\u00e4nkung der Datenverarbeitung. In diesem Fall werden die Daten gesperrt und nicht f\u00fcr andere Zwecke verarbeitet.<\/p><h2>Widerspruchsrecht<\/h2><p>Nutzer dieser Webseite k\u00f6nnen von ihrem Widerspruchsrecht Gebrauch machen und der Verarbeitung ihrer personenbezogenen Daten zu jeder Zeit widersprechen.<\/p><p>Wenn Sie eine Berichtigung, Sperrung, L\u00f6schung oder Auskunft \u00fcber die zu Ihrer Person gespeicherten personenbezogenen Daten w\u00fcnschen oder Fragen bzgl. der Erhebung, Verarbeitung oder Verwendung Ihrer personenbezogenen Daten haben oder erteilte Einwilligungen widerrufen m\u00f6chten, wenden Sie sich bitte an folgende E-Mail-Adresse: <a href=\"mailto:info@rosaferreiro.com\">info@rosaferreiro.com<\/a><\/p><h2>Aktualit\u00e4t und \u00c4nderung dieser Datenschutzerkl\u00e4rung<\/h2><p>Diese Datenschutzerkl\u00e4rung ist aktuell g\u00fcltig und hat den Stand 22.11.2021.<\/p><p>Durch die Weiterentwicklung der Webseite und der Erweiterung und\/oder Einschr\u00e4nkung unserer Leistungen und Angebote und\/oder aufgrund ge\u00e4nderter gesetzlicher beziehungsweise beh\u00f6rdlicher Vorgaben kann es notwendig werden, diese Datenschutzerkl\u00e4rung zu \u00e4ndern.<\/p>\t\t\t\t\t\t<\/div>\n\t\t\t\t<\/div>\n\t\t\t\t\t<\/div>\n\t\t<\/div>\n\t\t\t\t\t\t\t<\/div>\n\t\t<\/section>\n\t\t\t\t\t\t\t<\/div>\n\t\t","protected":false},"excerpt":{"rendered":"<p>Datenschutz Home Datenschutz Datenschutzinformation Nachfolgend m\u00f6chten wir Sie \u00fcber Verarbeitung personenbezogener und personenbeziehbarer Daten auf unserer Webseite nach Ma\u00dfgabe der DS-GVO, des BDSG und des TMG unterrichten. Verantwortlicher f\u00fcr den Datenschutz Rosa Ferreiro \u00dcbersetzerin und Dolmetscherin Datenerhebung und Protokollierung Die Nutzung dieser Webseite ist in der Regel ohne Angabe personenbezogener Daten m\u00f6glich. Wenn Sie unsere&#8230;<\/p>\n","protected":false},"author":1,"featured_media":0,"parent":0,"menu_order":0,"comment_status":"closed","ping_status":"closed","template":"","meta":[],"yoast_head":"<!-- This site is optimized with the Yoast SEO plugin v20.10 - https:\/\/yoast.com\/wordpress\/plugins\/seo\/ -->\n<title>Datenschutz - Rosa Ferreiro<\/title>\n<meta name=\"robots\" content=\"noindex, follow\" \/>\n<meta property=\"og:locale\" content=\"de_DE\" \/>\n<meta property=\"og:type\" content=\"article\" \/>\n<meta property=\"og:title\" content=\"Datenschutz - Rosa Ferreiro\" \/>\n<meta property=\"og:description\" content=\"Datenschutz Home Datenschutz Datenschutzinformation Nachfolgend m\u00f6chten wir Sie \u00fcber Verarbeitung personenbezogener und personenbeziehbarer Daten auf unserer Webseite nach Ma\u00dfgabe der DS-GVO, des BDSG und des TMG unterrichten. Verantwortlicher f\u00fcr den Datenschutz Rosa Ferreiro \u00dcbersetzerin und Dolmetscherin Datenerhebung und Protokollierung Die Nutzung dieser Webseite ist in der Regel ohne Angabe personenbezogener Daten m\u00f6glich. Wenn Sie unsere...\" \/>\n<meta property=\"og:url\" content=\"https:\/\/rosaferreiro.com\/de\/datenschutz\/\" \/>\n<meta property=\"og:site_name\" content=\"Rosa Ferreiro\" \/>\n<meta property=\"article:modified_time\" content=\"2021-12-09T14:50:02+00:00\" \/>\n<meta name=\"twitter:card\" content=\"summary_large_image\" \/>\n<meta name=\"twitter:label1\" content=\"Gesch\u00e4tzte Lesezeit\" \/>\n\t<meta name=\"twitter:data1\" content=\"2\u00a0Minuten\" \/>\n<script type=\"application\/ld+json\" class=\"yoast-schema-graph\">{\"@context\":\"https:\/\/schema.org\",\"@graph\":[{\"@type\":\"WebPage\",\"@id\":\"https:\/\/rosaferreiro.com\/de\/datenschutz\/\",\"url\":\"https:\/\/rosaferreiro.com\/de\/datenschutz\/\",\"name\":\"Datenschutz - Rosa Ferreiro\",\"isPartOf\":{\"@id\":\"https:\/\/rosaferreiro.com\/#website\"},\"datePublished\":\"2021-11-23T13:37:24+00:00\",\"dateModified\":\"2021-12-09T14:50:02+00:00\",\"breadcrumb\":{\"@id\":\"https:\/\/rosaferreiro.com\/de\/datenschutz\/#breadcrumb\"},\"inLanguage\":\"de\",\"potentialAction\":[{\"@type\":\"ReadAction\",\"target\":[\"https:\/\/rosaferreiro.com\/de\/datenschutz\/\"]}]},{\"@type\":\"BreadcrumbList\",\"@id\":\"https:\/\/rosaferreiro.com\/de\/datenschutz\/#breadcrumb\",\"itemListElement\":[{\"@type\":\"ListItem\",\"position\":1,\"name\":\"Home\",\"item\":\"https:\/\/rosaferreiro.com\/de\/\"},{\"@type\":\"ListItem\",\"position\":2,\"name\":\"Datenschutz\"}]},{\"@type\":\"WebSite\",\"@id\":\"https:\/\/rosaferreiro.com\/#website\",\"url\":\"https:\/\/rosaferreiro.com\/\",\"name\":\"Rosa Ferreiro\",\"description\":\"Translator and Interpreter\",\"publisher\":{\"@id\":\"https:\/\/rosaferreiro.com\/#organization\"},\"potentialAction\":[{\"@type\":\"SearchAction\",\"target\":{\"@type\":\"EntryPoint\",\"urlTemplate\":\"https:\/\/rosaferreiro.com\/?s={search_term_string}\"},\"query-input\":\"required name=search_term_string\"}],\"inLanguage\":\"de\"},{\"@type\":\"Organization\",\"@id\":\"https:\/\/rosaferreiro.com\/#organization\",\"name\":\"Rosa Ferreiro\",\"url\":\"https:\/\/rosaferreiro.com\/\",\"logo\":{\"@type\":\"ImageObject\",\"inLanguage\":\"de\",\"@id\":\"https:\/\/rosaferreiro.com\/#\/schema\/logo\/image\/\",\"url\":\"https:\/\/rosaferreiro.com\/wp-content\/uploads\/2021\/11\/rf-logo-en.svg\",\"contentUrl\":\"https:\/\/rosaferreiro.com\/wp-content\/uploads\/2021\/11\/rf-logo-en.svg\",\"width\":123,\"height\":30,\"caption\":\"Rosa Ferreiro\"},\"image\":{\"@id\":\"https:\/\/rosaferreiro.com\/#\/schema\/logo\/image\/\"}}]}<\/script>\n<!-- \/ Yoast SEO plugin. -->","yoast_head_json":{"title":"Datenschutz - Rosa Ferreiro","robots":{"index":"noindex","follow":"follow"},"og_locale":"de_DE","og_type":"article","og_title":"Datenschutz - Rosa Ferreiro","og_description":"Datenschutz Home Datenschutz Datenschutzinformation Nachfolgend m\u00f6chten wir Sie \u00fcber Verarbeitung personenbezogener und personenbeziehbarer Daten auf unserer Webseite nach Ma\u00dfgabe der DS-GVO, des BDSG und des TMG unterrichten. Verantwortlicher f\u00fcr den Datenschutz Rosa Ferreiro \u00dcbersetzerin und Dolmetscherin Datenerhebung und Protokollierung Die Nutzung dieser Webseite ist in der Regel ohne Angabe personenbezogener Daten m\u00f6glich. Wenn Sie unsere...","og_url":"https:\/\/rosaferreiro.com\/de\/datenschutz\/","og_site_name":"Rosa Ferreiro","article_modified_time":"2021-12-09T14:50:02+00:00","twitter_card":"summary_large_image","twitter_misc":{"Gesch\u00e4tzte Lesezeit":"2\u00a0Minuten"},"schema":{"@context":"https:\/\/schema.org","@graph":[{"@type":"WebPage","@id":"https:\/\/rosaferreiro.com\/de\/datenschutz\/","url":"https:\/\/rosaferreiro.com\/de\/datenschutz\/","name":"Datenschutz - Rosa Ferreiro","isPartOf":{"@id":"https:\/\/rosaferreiro.com\/#website"},"datePublished":"2021-11-23T13:37:24+00:00","dateModified":"2021-12-09T14:50:02+00:00","breadcrumb":{"@id":"https:\/\/rosaferreiro.com\/de\/datenschutz\/#breadcrumb"},"inLanguage":"de","potentialAction":[{"@type":"ReadAction","target":["https:\/\/rosaferreiro.com\/de\/datenschutz\/"]}]},{"@type":"BreadcrumbList","@id":"https:\/\/rosaferreiro.com\/de\/datenschutz\/#breadcrumb","itemListElement":[{"@type":"ListItem","position":1,"name":"Home","item":"https:\/\/rosaferreiro.com\/de\/"},{"@type":"ListItem","position":2,"name":"Datenschutz"}]},{"@type":"WebSite","@id":"https:\/\/rosaferreiro.com\/#website","url":"https:\/\/rosaferreiro.com\/","name":"Rosa Ferreiro","description":"Translator and Interpreter","publisher":{"@id":"https:\/\/rosaferreiro.com\/#organization"},"potentialAction":[{"@type":"SearchAction","target":{"@type":"EntryPoint","urlTemplate":"https:\/\/rosaferreiro.com\/?s={search_term_string}"},"query-input":"required name=search_term_string"}],"inLanguage":"de"},{"@type":"Organization","@id":"https:\/\/rosaferreiro.com\/#organization","name":"Rosa Ferreiro","url":"https:\/\/rosaferreiro.com\/","logo":{"@type":"ImageObject","inLanguage":"de","@id":"https:\/\/rosaferreiro.com\/#\/schema\/logo\/image\/","url":"https:\/\/rosaferreiro.com\/wp-content\/uploads\/2021\/11\/rf-logo-en.svg","contentUrl":"https:\/\/rosaferreiro.com\/wp-content\/uploads\/2021\/11\/rf-logo-en.svg","width":123,"height":30,"caption":"Rosa Ferreiro"},"image":{"@id":"https:\/\/rosaferreiro.com\/#\/schema\/logo\/image\/"}}]}},"_links":{"self":[{"href":"https:\/\/rosaferreiro.com\/de\/wp-json\/wp\/v2\/pages\/4124"}],"collection":[{"href":"https:\/\/rosaferreiro.com\/de\/wp-json\/wp\/v2\/pages"}],"about":[{"href":"https:\/\/rosaferreiro.com\/de\/wp-json\/wp\/v2\/types\/page"}],"author":[{"embeddable":true,"href":"https:\/\/rosaferreiro.com\/de\/wp-json\/wp\/v2\/users\/1"}],"replies":[{"embeddable":true,"href":"https:\/\/rosaferreiro.com\/de\/wp-json\/wp\/v2\/comments?post=4124"}],"version-history":[{"count":20,"href":"https:\/\/rosaferreiro.com\/de\/wp-json\/wp\/v2\/pages\/4124\/revisions"}],"predecessor-version":[{"id":4558,"href":"https:\/\/rosaferreiro.com\/de\/wp-json\/wp\/v2\/pages\/4124\/revisions\/4558"}],"wp:attachment":[{"href":"https:\/\/rosaferreiro.com\/de\/wp-json\/wp\/v2\/media?parent=4124"}],"curies":[{"name":"wp","href":"https:\/\/api.w.org\/{rel}","templated":true}]}}